{"id":229,"date":"2020-07-27T15:52:32","date_gmt":"2020-07-27T13:52:32","guid":{"rendered":"https:\/\/koliber.expert\/?page_id=229"},"modified":"2020-08-03T12:39:28","modified_gmt":"2020-08-03T10:39:28","slug":"tlumaczenia-pisemne","status":"publish","type":"page","link":"https:\/\/koliber.expert\/ru\/uslugi\/tlumaczenia-pisemne\/","title":{"rendered":"\u041f\u0438\u0441\u044c\u043c\u0435\u043d\u043d\u044b\u0435 \u043f\u0435\u0440\u0435\u0432\u043e\u0434\u044b"},"content":{"rendered":"<p>[et_pb_section fb_built=&#8221;1&#8243; _builder_version=&#8221;4.4.1&#8243; background_color=&#8221;#000000&#8243;][et_pb_row _builder_version=&#8221;4.4.1&#8243;][et_pb_column type=&#8221;4_4&#8243; _builder_version=&#8221;4.4.1&#8243;][et_pb_text _builder_version=&#8221;4.4.1&#8243; header_font=&#8221;Playfair Display|700|||||||&#8221; header_text_color=&#8221;#ffffff&#8221; header_font_size=&#8221;40px&#8221; header_letter_spacing=&#8221;4px&#8221; hover_enabled=&#8221;0&#8243;]<\/p>\n<h1>T\u0142umaczenia pisemne<\/h1>\n<p>[\/et_pb_text][\/et_pb_column][\/et_pb_row][\/et_pb_section][et_pb_section fb_built=&#8221;1&#8243; _builder_version=&#8221;4.4.1&#8243;][et_pb_row _builder_version=&#8221;4.4.1&#8243;][et_pb_column type=&#8221;4_4&#8243; _builder_version=&#8221;4.4.1&#8243;][et_pb_text _builder_version=&#8221;4.4.1&#8243; text_text_color=&#8221;#888888&#8243; custom_padding=&#8221;||||false|false&#8221;]<\/p>\n<p style=\"text-align: justify;\">Pisemne t\u0142umaczenia przysi\u0119g\u0142e lub zwyk\u0142e wykonujemy z nale\u017cyt\u0105 staranno\u015bci\u0105, maj\u0105c \u015bwiadomo\u015b\u0107, \u017ce czas cz\u0119sto ma du\u017ce znaczenie &#8211; i dlatego zlecenia s\u0105 wykonywane w mo\u017cliwie najkr\u00f3tszym czasie.<\/p>\n<p style=\"text-align: justify;\">W zale\u017cno\u015bci od d\u0142ugo\u015bci i rodzaju tekstu, t\u0142umaczenie mo\u017ce by\u0107 wykonane w kr\u00f3tkim terminie lub nieco d\u0142u\u017cszym. Ka\u017cdorazowo uwzgl\u0119dniamy w tym zakresie zapotrzebowanie klienta. Gdy potrzebuj\u0105 Pa\u0144stwo otrzyma\u0107 dokument szybko &#8211; prosimy o wskazanie tego faktu. Ka\u017cdorazowo staramy si\u0119 wykona\u0107 t\u0142umaczenie w okre\u015blonym przez klienta terminie.<\/p>\n<p style=\"text-align: justify;\">Formy pisemne s\u0105 w pe\u0142ni poprawne pod wzgl\u0119dem j\u0119zykowym oraz stylistycznym gdzie wyst\u0119puje fachowe s\u0142ownictwo wymagaj\u0105ce od t\u0142umacza orientacji w danej dziedzinie. W razie jakichkolwiek uwag co do jako\u015bci pracy, zapraszamy do dialogu: szanujemy ka\u017cd\u0105 opini\u0119 i staramy si\u0119 uwzgl\u0119dni\u0107 zdanie klienta.<\/p>\n<p>[\/et_pb_text][et_pb_button button_url=&#8221;\/bezplatna-wycena\/&#8221; button_text=&#8221;Bezp\u0142atna wycena&#8221; button_alignment=&#8221;center&#8221; disabled_on=&#8221;on|off|off&#8221; _builder_version=&#8221;4.4.1&#8243; custom_button=&#8221;on&#8221; button_text_size=&#8221;14px&#8221; button_text_color=&#8221;#ffffff&#8221; button_bg_color=&#8221;#000000&#8243; button_border_width=&#8221;2px&#8221; button_border_color=&#8221;#000000&#8243; button_border_radius=&#8221;5px&#8221; button_letter_spacing=&#8221;1px&#8221; button_font=&#8221;||||||||&#8221; button_use_icon=&#8221;off&#8221; custom_margin=&#8221;55px||55px||true|false&#8221; custom_margin_tablet=&#8221;36px||||false|false&#8221; custom_margin_phone=&#8221;36px||||false|false&#8221; custom_margin_last_edited=&#8221;on|phone&#8221; custom_padding=&#8221;16px|35px|16px|35px|true|true&#8221; global_module=&#8221;376&#8243; saved_tabs=&#8221;all&#8221; button_text_color__hover_enabled=&#8221;on|hover&#8221; button_text_color__hover=&#8221;#111111&#8243; button_bg_color__hover_enabled=&#8221;on|hover&#8221; button_bg_color__hover=&#8221;#ffffff&#8221; button_bg_enable_color__hover=&#8221;on&#8221; button_border_color__hover_enabled=&#8221;on|hover&#8221; button_border_color__hover=&#8221;#ffffff&#8221; button_letter_spacing__hover_enabled=&#8221;on|hover&#8221; button_letter_spacing__hover=&#8221;1px&#8221;][\/et_pb_button][\/et_pb_column][\/et_pb_row][\/et_pb_section][et_pb_section fb_built=&#8221;1&#8243; _builder_version=&#8221;4.4.1&#8243; use_background_color_gradient=&#8221;on&#8221; background_color_gradient_start=&#8221;#111111&#8243; background_color_gradient_end=&#8221;rgba(17,17,17,0.66)&#8221; background_color_gradient_overlays_image=&#8221;on&#8221; background_image=&#8221;https:\/\/koliber.expert\/wp-content\/uploads\/2020\/07\/movement-2532158.jpg&#8221; custom_padding=&#8221;0px||160px||false|false&#8221; global_module=&#8221;124&#8243;][et_pb_row use_custom_gutter=&#8221;on&#8221; gutter_width=&#8221;2&#8243; make_equal=&#8221;on&#8221; _builder_version=&#8221;4.4.1&#8243; width=&#8221;90%&#8221; width_tablet=&#8221;90%&#8221; width_phone=&#8221;90%&#8221; width_last_edited=&#8221;on|desktop&#8221; max_width=&#8221;1170px&#8221; max_width_tablet=&#8221;90%&#8221; max_width_phone=&#8221;90%&#8221; max_width_last_edited=&#8221;on|tablet&#8221; custom_margin=&#8221;||||false|false&#8221; custom_padding=&#8221;0px||190px||false|false&#8221;][et_pb_column type=&#8221;4_4&#8243; _builder_version=&#8221;4.4.3&#8243;][et_pb_divider color=&#8221;#666666&#8243; divider_weight=&#8221;101px&#8221; _builder_version=&#8221;4.4.1&#8243; max_width=&#8221;2px&#8221; module_alignment=&#8221;center&#8221; custom_margin=&#8221;-48px||||false|false&#8221; custom_padding=&#8221;||||false|false&#8221; scroll_rotating_enable=&#8221;on&#8221;][\/et_pb_divider][\/et_pb_column][\/et_pb_row][et_pb_row use_custom_gutter=&#8221;on&#8221; gutter_width=&#8221;2&#8243; make_equal=&#8221;on&#8221; _builder_version=&#8221;4.4.3&#8243; width=&#8221;90%&#8221; width_tablet=&#8221;90%&#8221; width_phone=&#8221;90%&#8221; width_last_edited=&#8221;on|desktop&#8221; max_width=&#8221;1170px&#8221; max_width_tablet=&#8221;90%&#8221; max_width_phone=&#8221;90%&#8221; max_width_last_edited=&#8221;on|tablet&#8221; custom_padding=&#8221;19px|||||&#8221; animation_style=&#8221;fade&#8221; animation_duration=&#8221;1500ms&#8221; animation_delay=&#8221;500ms&#8221;][et_pb_column type=&#8221;4_4&#8243; _builder_version=&#8221;4.4.3&#8243;][et_pb_text _builder_version=&#8221;4.4.1&#8243; header_font=&#8221;Playfair Display|700|||||||&#8221; header_text_align=&#8221;center&#8221; header_text_color=&#8221;#ffffff&#8221; header_font_size=&#8221;70px&#8221; header_letter_spacing=&#8221;5px&#8221; header_2_font=&#8221;|700||on|||||&#8221; header_2_text_align=&#8221;center&#8221; header_2_text_color=&#8221;#FFFFFF&#8221; header_2_font_size=&#8221;40px&#8221; header_2_letter_spacing=&#8221;4px&#8221; custom_margin=&#8221;||||false|false&#8221; header_font_size_tablet=&#8221;40px&#8221; header_font_size_phone=&#8221;30px&#8221; header_font_size_last_edited=&#8221;on|phone&#8221; header_letter_spacing_tablet=&#8221;&#8221; header_letter_spacing_phone=&#8221;2px&#8221; header_letter_spacing_last_edited=&#8221;on|phone&#8221; header_2_font_size_tablet=&#8221;35px&#8221; header_2_font_size_phone=&#8221;30px&#8221; header_2_font_size_last_edited=&#8221;on|phone&#8221; header_2_line_height_tablet=&#8221;&#8221; header_2_line_height_phone=&#8221;1.3em&#8221; header_2_line_height_last_edited=&#8221;on|phone&#8221; header_2_font_size__hover_enabled=&#8221;off|desktop&#8221;]<\/p>\n<h2>Zapraszamy do kontaktu<\/h2>\n<p>[\/et_pb_text][et_pb_text _builder_version=&#8221;4.4.1&#8243; text_font=&#8221;||||||||&#8221; text_text_color=&#8221;#ffffff&#8221; text_font_size=&#8221;16px&#8221; text_line_height=&#8221;1.8em&#8221; text_orientation=&#8221;center&#8221; max_width=&#8221;750px&#8221; module_alignment=&#8221;center&#8221;]<\/p>\n<p>Je\u015bli potrzebuj\u0105 Pa\u0144stwo t\u0142umaczenia a ceni\u0105 sobie profesjonalizm, szybko\u015b\u0107 i wygod\u0119, jeste\u015bmy do Pa\u0144stwa dyspozycji przez 7 dni w tygodniu. Szanujemy Pa\u0144stwa czas, dlatego te\u017c wszystkie zlecenia t\u0142umacze\u0144 wykonujemy w mo\u017cliwie jak najkr\u00f3tszym czasie.<\/p>\n<p>[\/et_pb_text][et_pb_button button_url=&#8221;\/kontakt&#8221; button_text=&#8221;Kontakt&#8221; button_alignment=&#8221;center&#8221; disabled_on=&#8221;off|off|off&#8221; _builder_version=&#8221;4.4.1&#8243; custom_button=&#8221;on&#8221; button_text_size=&#8221;14px&#8221; button_text_color=&#8221;#000000&#8243; button_bg_color=&#8221;#ffffff&#8221; button_border_width=&#8221;2px&#8221; button_border_color=&#8221;#ffffff&#8221; button_border_radius=&#8221;5px&#8221; button_letter_spacing=&#8221;1px&#8221; button_font=&#8221;||||||||&#8221; button_use_icon=&#8221;off&#8221; custom_margin=&#8221;46px||||false|false&#8221; custom_margin_tablet=&#8221;36px||||false|false&#8221; custom_margin_phone=&#8221;36px||||false|false&#8221; custom_margin_last_edited=&#8221;on|phone&#8221; custom_padding=&#8221;16px|35px|16px|35px|true|true&#8221; button_text_color__hover_enabled=&#8221;on|hover&#8221; button_text_color__hover=&#8221;#111111&#8243; button_bg_color__hover_enabled=&#8221;on|hover&#8221; button_bg_color__hover=&#8221;#ffffff&#8221; button_bg_enable_color__hover=&#8221;on&#8221; button_border_color__hover_enabled=&#8221;on|hover&#8221; button_border_color__hover=&#8221;#ffffff&#8221; button_letter_spacing__hover_enabled=&#8221;on|hover&#8221; button_letter_spacing__hover=&#8221;1px&#8221;][\/et_pb_button][\/et_pb_column][\/et_pb_row][\/et_pb_section]<\/p>\n","protected":false},"excerpt":{"rendered":"<p>T\u0142umaczenia pisemnePisemne t\u0142umaczenia przysi\u0119g\u0142e lub zwyk\u0142e wykonujemy z nale\u017cyt\u0105 staranno\u015bci\u0105, maj\u0105c \u015bwiadomo\u015b\u0107, \u017ce czas cz\u0119sto ma du\u017ce znaczenie &#8211; i dlatego zlecenia s\u0105 wykonywane w mo\u017cliwie najkr\u00f3tszym czasie. W zale\u017cno\u015bci od d\u0142ugo\u015bci i rodzaju tekstu, t\u0142umaczenie mo\u017ce by\u0107 wykonane w kr\u00f3tkim terminie lub nieco d\u0142u\u017cszym. Ka\u017cdorazowo uwzgl\u0119dniamy w tym zakresie zapotrzebowanie klienta. Gdy potrzebuj\u0105 Pa\u0144stwo [&hellip;]<\/p>\n","protected":false},"author":1,"featured_media":0,"parent":134,"menu_order":0,"comment_status":"closed","ping_status":"closed","template":"","meta":{"_et_pb_use_builder":"on","_et_pb_old_content":"","_et_gb_content_width":"","footnotes":""},"class_list":["post-229","page","type-page","status-publish","hentry"],"yoast_head":"<!-- This site is optimized with the Yoast SEO plugin v24.7 - https:\/\/yoast.com\/wordpress\/plugins\/seo\/ -->\n<title>T\u0142umaczenia pisemne - Koliber Ekspert Biuro T\u0142umacze\u0144<\/title>\n<meta name=\"robots\" content=\"index, follow, max-snippet:-1, max-image-preview:large, max-video-preview:-1\" \/>\n<link rel=\"canonical\" href=\"https:\/\/koliber.expert\/ru\/uslugi\/tlumaczenia-pisemne\/\" \/>\n<meta property=\"og:locale\" content=\"ru_RU\" \/>\n<meta property=\"og:type\" content=\"article\" \/>\n<meta property=\"og:title\" content=\"T\u0142umaczenia pisemne - Koliber Ekspert Biuro T\u0142umacze\u0144\" \/>\n<meta property=\"og:description\" content=\"T\u0142umaczenia pisemnePisemne t\u0142umaczenia przysi\u0119g\u0142e lub zwyk\u0142e wykonujemy z nale\u017cyt\u0105 staranno\u015bci\u0105, maj\u0105c \u015bwiadomo\u015b\u0107, \u017ce czas cz\u0119sto ma du\u017ce znaczenie - i dlatego zlecenia s\u0105 wykonywane w mo\u017cliwie najkr\u00f3tszym czasie. W zale\u017cno\u015bci od d\u0142ugo\u015bci i rodzaju tekstu, t\u0142umaczenie mo\u017ce by\u0107 wykonane w kr\u00f3tkim terminie lub nieco d\u0142u\u017cszym. Ka\u017cdorazowo uwzgl\u0119dniamy w tym zakresie zapotrzebowanie klienta. Gdy potrzebuj\u0105 Pa\u0144stwo [&hellip;]\" \/>\n<meta property=\"og:url\" content=\"https:\/\/koliber.expert\/ru\/uslugi\/tlumaczenia-pisemne\/\" \/>\n<meta property=\"og:site_name\" content=\"Koliber Ekspert Biuro T\u0142umacze\u0144\" \/>\n<meta property=\"article:modified_time\" content=\"2020-08-03T10:39:28+00:00\" \/>\n<meta name=\"twitter:card\" content=\"summary_large_image\" \/>\n<meta name=\"twitter:label1\" content=\"\u041f\u0440\u0438\u043c\u0435\u0440\u043d\u043e\u0435 \u0432\u0440\u0435\u043c\u044f \u0434\u043b\u044f \u0447\u0442\u0435\u043d\u0438\u044f\" \/>\n\t<meta name=\"twitter:data1\" content=\"5 \u043c\u0438\u043d\u0443\u0442\" \/>\n<script type=\"application\/ld+json\" class=\"yoast-schema-graph\">{\"@context\":\"https:\/\/schema.org\",\"@graph\":[{\"@type\":\"WebPage\",\"@id\":\"https:\/\/koliber.expert\/uslugi\/tlumaczenia-pisemne\/\",\"url\":\"https:\/\/koliber.expert\/uslugi\/tlumaczenia-pisemne\/\",\"name\":\"T\u0142umaczenia pisemne - Koliber Ekspert Biuro T\u0142umacze\u0144\",\"isPartOf\":{\"@id\":\"https:\/\/koliber.expert\/#website\"},\"datePublished\":\"2020-07-27T13:52:32+00:00\",\"dateModified\":\"2020-08-03T10:39:28+00:00\",\"breadcrumb\":{\"@id\":\"https:\/\/koliber.expert\/uslugi\/tlumaczenia-pisemne\/#breadcrumb\"},\"inLanguage\":\"ru-RU\",\"potentialAction\":[{\"@type\":\"ReadAction\",\"target\":[\"https:\/\/koliber.expert\/uslugi\/tlumaczenia-pisemne\/\"]}]},{\"@type\":\"BreadcrumbList\",\"@id\":\"https:\/\/koliber.expert\/uslugi\/tlumaczenia-pisemne\/#breadcrumb\",\"itemListElement\":[{\"@type\":\"ListItem\",\"position\":1,\"name\":\"Strona g\u0142\u00f3wna\",\"item\":\"https:\/\/koliber.expert\/\"},{\"@type\":\"ListItem\",\"position\":2,\"name\":\"Us\u0142ugi\",\"item\":\"https:\/\/koliber.expert\/uslugi\/\"},{\"@type\":\"ListItem\",\"position\":3,\"name\":\"T\u0142umaczenia pisemne\"}]},{\"@type\":\"WebSite\",\"@id\":\"https:\/\/koliber.expert\/#website\",\"url\":\"https:\/\/koliber.expert\/\",\"name\":\"Koliber Ekspert Biuro T\u0142umacze\u0144\",\"description\":\"Biuro t\u0142umacze\u0144 j\u0119zykowych\",\"potentialAction\":[{\"@type\":\"SearchAction\",\"target\":{\"@type\":\"EntryPoint\",\"urlTemplate\":\"https:\/\/koliber.expert\/?s={search_term_string}\"},\"query-input\":{\"@type\":\"PropertyValueSpecification\",\"valueRequired\":true,\"valueName\":\"search_term_string\"}}],\"inLanguage\":\"ru-RU\"}]}<\/script>\n<!-- \/ Yoast SEO plugin. -->","yoast_head_json":{"title":"T\u0142umaczenia pisemne - Koliber Ekspert Biuro T\u0142umacze\u0144","robots":{"index":"index","follow":"follow","max-snippet":"max-snippet:-1","max-image-preview":"max-image-preview:large","max-video-preview":"max-video-preview:-1"},"canonical":"https:\/\/koliber.expert\/ru\/uslugi\/tlumaczenia-pisemne\/","og_locale":"ru_RU","og_type":"article","og_title":"T\u0142umaczenia pisemne - Koliber Ekspert Biuro T\u0142umacze\u0144","og_description":"T\u0142umaczenia pisemnePisemne t\u0142umaczenia przysi\u0119g\u0142e lub zwyk\u0142e wykonujemy z nale\u017cyt\u0105 staranno\u015bci\u0105, maj\u0105c \u015bwiadomo\u015b\u0107, \u017ce czas cz\u0119sto ma du\u017ce znaczenie - i dlatego zlecenia s\u0105 wykonywane w mo\u017cliwie najkr\u00f3tszym czasie. W zale\u017cno\u015bci od d\u0142ugo\u015bci i rodzaju tekstu, t\u0142umaczenie mo\u017ce by\u0107 wykonane w kr\u00f3tkim terminie lub nieco d\u0142u\u017cszym. Ka\u017cdorazowo uwzgl\u0119dniamy w tym zakresie zapotrzebowanie klienta. Gdy potrzebuj\u0105 Pa\u0144stwo [&hellip;]","og_url":"https:\/\/koliber.expert\/ru\/uslugi\/tlumaczenia-pisemne\/","og_site_name":"Koliber Ekspert Biuro T\u0142umacze\u0144","article_modified_time":"2020-08-03T10:39:28+00:00","twitter_card":"summary_large_image","twitter_misc":{"\u041f\u0440\u0438\u043c\u0435\u0440\u043d\u043e\u0435 \u0432\u0440\u0435\u043c\u044f \u0434\u043b\u044f \u0447\u0442\u0435\u043d\u0438\u044f":"5 \u043c\u0438\u043d\u0443\u0442"},"schema":{"@context":"https:\/\/schema.org","@graph":[{"@type":"WebPage","@id":"https:\/\/koliber.expert\/uslugi\/tlumaczenia-pisemne\/","url":"https:\/\/koliber.expert\/uslugi\/tlumaczenia-pisemne\/","name":"T\u0142umaczenia pisemne - Koliber Ekspert Biuro T\u0142umacze\u0144","isPartOf":{"@id":"https:\/\/koliber.expert\/#website"},"datePublished":"2020-07-27T13:52:32+00:00","dateModified":"2020-08-03T10:39:28+00:00","breadcrumb":{"@id":"https:\/\/koliber.expert\/uslugi\/tlumaczenia-pisemne\/#breadcrumb"},"inLanguage":"ru-RU","potentialAction":[{"@type":"ReadAction","target":["https:\/\/koliber.expert\/uslugi\/tlumaczenia-pisemne\/"]}]},{"@type":"BreadcrumbList","@id":"https:\/\/koliber.expert\/uslugi\/tlumaczenia-pisemne\/#breadcrumb","itemListElement":[{"@type":"ListItem","position":1,"name":"Strona g\u0142\u00f3wna","item":"https:\/\/koliber.expert\/"},{"@type":"ListItem","position":2,"name":"Us\u0142ugi","item":"https:\/\/koliber.expert\/uslugi\/"},{"@type":"ListItem","position":3,"name":"T\u0142umaczenia pisemne"}]},{"@type":"WebSite","@id":"https:\/\/koliber.expert\/#website","url":"https:\/\/koliber.expert\/","name":"Koliber Ekspert Biuro T\u0142umacze\u0144","description":"Biuro t\u0142umacze\u0144 j\u0119zykowych","potentialAction":[{"@type":"SearchAction","target":{"@type":"EntryPoint","urlTemplate":"https:\/\/koliber.expert\/?s={search_term_string}"},"query-input":{"@type":"PropertyValueSpecification","valueRequired":true,"valueName":"search_term_string"}}],"inLanguage":"ru-RU"}]}},"_links":{"self":[{"href":"https:\/\/koliber.expert\/ru\/wp-json\/wp\/v2\/pages\/229","targetHints":{"allow":["GET"]}}],"collection":[{"href":"https:\/\/koliber.expert\/ru\/wp-json\/wp\/v2\/pages"}],"about":[{"href":"https:\/\/koliber.expert\/ru\/wp-json\/wp\/v2\/types\/page"}],"author":[{"embeddable":true,"href":"https:\/\/koliber.expert\/ru\/wp-json\/wp\/v2\/users\/1"}],"replies":[{"embeddable":true,"href":"https:\/\/koliber.expert\/ru\/wp-json\/wp\/v2\/comments?post=229"}],"version-history":[{"count":8,"href":"https:\/\/koliber.expert\/ru\/wp-json\/wp\/v2\/pages\/229\/revisions"}],"predecessor-version":[{"id":486,"href":"https:\/\/koliber.expert\/ru\/wp-json\/wp\/v2\/pages\/229\/revisions\/486"}],"up":[{"embeddable":true,"href":"https:\/\/koliber.expert\/ru\/wp-json\/wp\/v2\/pages\/134"}],"wp:attachment":[{"href":"https:\/\/koliber.expert\/ru\/wp-json\/wp\/v2\/media?parent=229"}],"curies":[{"name":"wp","href":"https:\/\/api.w.org\/{rel}","templated":true}]}}